{"id":233,"date":"2022-10-10T15:06:38","date_gmt":"2022-10-10T13:06:38","guid":{"rendered":"https:\/\/www.stop-statut-cohabitant.be\/?page_id=233"},"modified":"2023-01-20T14:32:53","modified_gmt":"2023-01-20T13:32:53","slug":"pourquoi-cette-action","status":"publish","type":"page","link":"https:\/\/www.stop-statut-cohabitant.be\/nl\/pourquoi-cette-action\/","title":{"rendered":"Argumenten"},"content":{"rendered":"<p class=\"qtranxs-available-languages-message qtranxs-available-languages-message-nl\"><span class=\"qtrmessage\">Onze verontschuldigingen, dit bericht is alleen beschikbaar in het <a href=\"https:\/\/www.stop-statut-cohabitant.be\/fr\/wp-json\/wp\/v2\/pages\/233\" class=\"qtranxs-available-language-link qtranxs-available-language-link-fr\" title=\"Fr\">Fr<\/a>.<\/span><\/p><div class=\"wp-block-columns fr container page-arguments is-layout-flex wp-container-core-columns-is-layout-9d6595d7 wp-block-columns-is-layout-flex\">\n<div class=\"wp-block-column is-layout-flow wp-block-column-is-layout-flow\">\n<h2 class=\"fr wp-block-heading\">Pourquoi faut-il supprimer<br>le statut de cohabitant\u00b7e\u2009?<\/h2>\n\n\n\n<ul class=\"wp-block-list\">\n<li class=\"fr\">La solidarit\u00e9 pr\u00e9suppos\u00e9e au sein des couples ou entre cohabitant\u00b7es de mani\u00e8re g\u00e9n\u00e9rale n\u2019est pas toujours pr\u00e9sente. Ce qui cr\u00e9e des <strong>situations de d\u00e9pendance<\/strong> <strong>contraires \u00e0 l\u2019\u00e9galit\u00e9 entre hommes et femmes et \u00e0 l\u2019autonomie de ces derni\u00e8res.<\/strong><\/li>\n<\/ul>\n\n\n\n<p><\/p>\n\n\n\n<ul class=\"wp-block-list\">\n<li class=\"fr\">Ce sont les femmes le plus souvent qui sont amen\u00e9es <strong>\u00e0 renoncer \u00e0 leur activit\u00e9 professionnelle ou \u00e0 leur indemnisation <\/strong>en cas de ch\u00f4mage ou d\u2019invalidit\u00e9 en cas de temps partiel et de bas salaire, d\u00e8s lors que le statut de chef de m\u00e9nage est financi\u00e8rement plus avantageux pour la famille.<\/li>\n<\/ul>\n\n\n\n<p><\/p>\n\n\n\n<ul class=\"wp-block-list\">\n<li class=\"fr\">Prendre en compte les <strong>nouveaux modes de vie et nouvelles formes d\u2019habitat<\/strong> (colocataires avec ou sans lien de parent\u00e9 et\/ou affectif, habitat group\u00e9, logement interg\u00e9n\u00e9rationnel\u2026) et ne plus p\u00e9naliser la <strong>solidarit\u00e9 informelle <\/strong>intrafamiliale<sup class=\"modern-footnotes-footnote \" data-mfn=\"1\" data-mfn-post-scope=\"000000004f6579200000000011ba43ca_233\"><a href=\"javascript:void(0)\"  role=\"button\" aria-pressed=\"false\" aria-describedby=\"mfn-content-000000004f6579200000000011ba43ca_233-1\">1<\/a><\/sup><span id=\"mfn-content-000000004f6579200000000011ba43ca_233-1\" role=\"tooltip\" class=\"modern-footnotes-footnote__note\" tabindex=\"0\" data-mfn=\"1\">Y compris en h\u00e9bergeant un parent malade ou en perte d\u2019autonomie ou un enfant en difficult\u00e9, en permettant par exemple \u00e0 des mamans solos cohabitantes de mutualiser la garde des enfants \u2026<\/span> ou citoyenne qui ne se r\u00e9sume pas \u00e0 la r\u00e9duction d\u2019une partie des frais de la vie courante.<\/li>\n<\/ul>\n\n\n\n<p><\/p>\n\n\n\n<ul class=\"wp-block-list\">\n<li class=\"fr\">Mettre fin aux <strong>contr\u00f4les domiciliaires<\/strong>, qui posent question notamment en termes de respect de la vie priv\u00e9e, de<strong> r\u00e9duire la m\u00e9fiance <\/strong>\u00e0 l\u2019\u00e9gard des institutions sociales cens\u00e9es accompagner les personnes en difficult\u00e9 qui conduisent celles-ci \u00e0 \u00e9viter d\u2019y recourir et<strong> d\u2019\u00e9viter l\u2019incertitude juridique<\/strong> (et l\u2019in\u00e9galit\u00e9 de traitement qu\u2019elle engendre) li\u00e9e \u00e0 la multiplicit\u00e9 des r\u00e8gles suivant les types d\u2019allocation et de leurs interpr\u00e9tations.<\/li>\n<\/ul>\n\n\n\n<p><\/p>\n\n\n\n<ul class=\"wp-block-list\">\n<li class=\"fr\">Supprimer le statut de cohabitant\u00b7e est une mesure qui a certes un <strong>co\u00fbt,<\/strong> <strong>mais qui entra\u00eenerait aussi l\u2019annulation ou la r\u00e9duction de certaines d\u00e9penses,<\/strong> notamment le co\u00fbt des contr\u00f4les (tout en d\u00e9gageant du temps qui manque pour l\u2019accompagnement des ayants droit), les impacts sur les d\u00e9penses li\u00e9es \u00e0 la pauvret\u00e9, sur les d\u00e9penses de sant\u00e9, sans oublier les effets retour sur la consommation, l\u2019emploi et les recettes publiques.<\/li>\n<\/ul>\n\n\n\n<p><\/p>\n\n\n\n<ul class=\"wp-block-list\">\n<li class=\"fr\">Exiger la fin de cette injustice et de cette <strong>discrimination<\/strong> que constitue le fait de percevoir un montant plus faible quand on cohabite, ce qui constitue <strong>une r\u00e9duction du droit pour lequel les cohabitant\u00b7es ont cotis\u00e9 ni plus ni moins que les autres cat\u00e9gories<\/strong> comme les isol\u00e9\u00b7es et les chefs de m\u00e9nage.<\/li>\n<\/ul>\n\n\n\n<p><\/p>\n\n\n\n<ul class=\"wp-block-list\">\n<li class=\"fr\">L\u2019individualisation des droits est aujourd\u2019hui une n\u00e9cessit\u00e9, une obligation, une urgence. Sa mise en \u0153uvre devra se faire <strong>en pr\u00e9servant les droits conquis des personnes concern\u00e9es et en pr\u00e9voyant des p\u00e9riodes transitoires pour leur \u00e9viter toute perte<\/strong>. Parall\u00e8lement, il faudra \u00e9galement imp\u00e9rativement <strong>revaloriser<\/strong> les indemnit\u00e9s et allocations des personnes isol\u00e9es et ayant charge de m\u00e9nage, afin qu\u2019elles atteignent un montant minimal sup\u00e9rieur<strong> de 10 % au seuil de pauvret\u00e9<\/strong>.<\/li>\n<\/ul>\n\n\n\n<p><\/p>\n\n\n\n<ul class=\"wp-block-list\">\n<li class=\"fr\"><strong>Face \u00e0 la crise \u00e9nerg\u00e9tique et \u00e0 l&#8217;inflation<\/strong> du co\u00fbt de la vie, la suppression du statut de cohabitant\u00b7e serait un levier efficace de <strong>lutte contre l&#8217;appauvrissement<\/strong>. Une telle mesure permettrait aux citoyen\u00b7nes d&#8217;envisager d&#8217;autres formes d&#8217;habitat. Elle all\u00e9gerait ind\u00e9niablement un quotidien devenu difficile pour beaucoup d&#8217;entre nous et permettrait \u00e9galement de lutter <strong>contre l&#8217;isolement social<\/strong> dans lequel sont enferm\u00e9\u00b7es les b\u00e9n\u00e9ficiaires d&#8217;un revenu de remplacement.&nbsp;La suppression du statut de cohabitant\u00b7e permettrait en outre de <strong>lutter efficacement contre le mal-logement,<\/strong> les passoires \u00e9nerg\u00e9tiques et les &#8220;marchands de sommeil&nbsp;\u00bb. Le COVID-19 mais aussi les inondations avaient aussi davantage fait prendre conscience que <strong>personne n\u2019est \u00e0 l\u2019abri de difficult\u00e9s<\/strong> et de tomber, \u00e0 un moment ou \u00e0 un autre, sous le coup de ce statut.<\/li>\n<\/ul>\n\n\n\n<p><\/p>\n\n\n\n<ul class=\"wp-block-list\">\n<li class=\"fr\"><strong>L\u2019urgence r\u00e9cente<\/strong> a montr\u00e9 qu\u2019il \u00e9tait possible de supprimer dans les faits le statut de cohabitant\u00b7e. En effet, certaines cat\u00e9gories de personnes impact\u00e9es par le COVID-19, ou encore d\u2019autres sinistr\u00e9es par les r\u00e9centes inondations ont pu b\u00e9n\u00e9ficier d\u2019une suspension temporaire du statut de cohabitant\u00b7e et b\u00e9n\u00e9ficier d\u2019allocations au taux d\u2019isol\u00e9\u00b7e.Il est donc possible de se passer de ce statut. Supprimons-le d\u00e9finitivement&nbsp;!<\/li>\n<\/ul>\n<\/div>\n<\/div>\n\n\n\n<div class=\"wp-block-columns nl container page-arguments is-layout-flex wp-container-core-columns-is-layout-9d6595d7 wp-block-columns-is-layout-flex\">\n<div class=\"wp-block-column is-layout-flow wp-block-column-is-layout-flow\">\n<h2 class=\"nl wp-block-heading\">Waarom moet het statuut samenwonende worden afgeschaft ?<\/h2>\n\n\n\n<ul class=\"wp-block-list\">\n<li class=\"nl\">De veronderstelde solidariteit binnen koppels of tussen samenwonenden in het algemeen bestaat niet altijd. Dit leidt tot&nbsp;<strong>afhankelijkheidssituaties die in strijd zijn met de gendergelijkheid en met de autonomie van vrouwen.<\/strong><\/li>\n<\/ul>\n\n\n\n<p><\/p>\n\n\n\n<ul class=\"wp-block-list\">\n<li class=\"nl\">Het zijn vooral vrouwen die bij deeltijds werk en lage lonen&nbsp;<strong>hun beroepsactiviteit of&nbsp;werkloosheids- of arbeidsongeschiktheidsuitkering<\/strong>&nbsp;moeten opgeven, omdat het statuut van gezinshoofd financieel voordeliger is voor het gezin.<\/li>\n<\/ul>\n\n\n\n<p><\/p>\n\n\n\n<ul class=\"wp-block-list\">\n<li class=\"nl\">Er moet rekening gehouden worden met&nbsp;<strong>nieuwe levensstijlen en nieuwe woonvormen&nbsp;<\/strong>(huisgenoten met of zonder familie- en\/of emotionele banden, cohousing, kangoeroewoningen, enz.) en de&nbsp;<strong>informele solidariteit&nbsp;<\/strong>binnen het gezin mag niet langer afgestraft worden[noot]wanneer men onderdak biedt aan een zieke ouder, een ouder die zijn autonomie verliest of een kind in moeilijkheden. Alleenstaande moeders moeten bijvoorbeeld kunnen samenwonen om de zorg voor de kinderen te delen&#8230;[noot]. Daarnaast moet de solidariteit tussen burgers meer kunnen zijn dan het louter drukken van de levensonderhoudskosten.<\/li>\n<\/ul>\n\n\n\n<p><\/p>\n\n\n\n<ul class=\"wp-block-list\">\n<li class=\"nl\">Er moet een einde gesteld worden aan de&nbsp;<strong>thuiscontroles<\/strong>. Deze thuiscontroles roepen namelijk vragen op qua eerbiediging van de privacy en qua&nbsp;<strong>vertrouwen in de&nbsp;sociale instellingen<\/strong>&nbsp;die geacht worden mensen in moeilijkheden te steunen. Hierdoor vermijden zij er een beroep op te doen en&nbsp;<strong>vermijden zij de rechtsonzekerheid<\/strong>&nbsp;(en de daaruit voortvloeiende ongelijke behandeling) omwille van de ontelbare regels naar gelang van het soort uitkering en de interpretatie hiervan.<\/li>\n<\/ul>\n\n\n\n<p><\/p>\n\n\n\n<ul class=\"wp-block-list\">\n<li class=\"nl\">De afschaffing van het statuut samenwonende is een maatregel die zeker&nbsp;<strong>kosten&nbsp;<\/strong>met zich brengt,<strong>&nbsp;maar ook bepaalde uitgaven zou doen verdwijnen of verminderen,&nbsp;<\/strong>met name de kosten van de controles (tegelijkertijd komt er tijd vrij voor de begeleiding van de rechthebbenden), de impact op de uitgaven in verband met armoede en op de gezondheidszorg, om nog maar te zwijgen van de return-effecten op de consumptie, de werkgelegenheid en de overheidsinkomsten.<\/li>\n<\/ul>\n\n\n\n<p><\/p>\n\n\n\n<ul class=\"wp-block-list\">\n<li class=\"nl\">Er moet een einde komen aan de onrechtvaardigheid en&nbsp;<strong>discriminatie&nbsp;<\/strong>dat samenwonenden een lager bedrag ontvangen, wat een&nbsp;<strong>inkrimping inhoudt van een recht waarvoor de samenwonenden noch meer noch minder hebben bijgedragen dan andere categorie\u00ebn<\/strong>&nbsp;zoals alleenstaanden en gezinshoofden.<\/li>\n<\/ul>\n\n\n\n<p><\/p>\n\n\n\n<ul class=\"wp-block-list\">\n<li class=\"nl\">De individualisering van de rechten is nu een noodzaak, een verplichting en een noodsituatie. Zij moet op zodanige wijze worden <strong>uitgevoerd dat de door de betrokkenen verworven rechten behouden blijven en dat er overgangsperioden worden ingesteld om elk verlies te voorkomen<\/strong>. Tegelijkertijd is het van essentieel belang dat de uitkeringen van alleenstaanden en mensen met huishoudelijke verantwoordelijkheden worden verhoogd tot een minimumbedrag van <strong>10% boven de armoedegrens<\/strong>.<\/li>\n<\/ul>\n\n\n\n<p><\/p>\n\n\n\n<ul class=\"wp-block-list\">\n<li class=\"nl\"><strong>Gezien de energiecrisis en de inflatie&nbsp;<\/strong>van de levensonderhoudskosten zou de afschaffing van het statuut samenwonende een doeltreffende hefboom zijn in de&nbsp;<strong>strijd tegen de verarming<\/strong>. Een dergelijke maatregel zou de burgers in staat stellen andere woonvormen te overwegen. Het zou ontegenzeggelijk het dagelijks leven verlichten dat voor velen van ons moeilijk is geworden en we zouden er ook&nbsp;<strong>het sociale isolement&nbsp;<\/strong>mee kunnenbestrijden waarin de begunstigden van een vervangingsinkomen verstrikt zitten. De afschaffing van het statuut samenwonende zou het ook mogelijk maken om&nbsp;<strong>doeltreffend op te treden tegen slechte huisvesting,&nbsp;<\/strong>energievretende woningen&nbsp;en huisjesmelkers. COVID-19 en de overstromingen hadden de mensen er ook meer van bewust gemaakt dat&nbsp;<strong>niemand immuun is voor moeilijkheden&nbsp;<\/strong>en op een bepaald moment afhangen van een vervangingsinkomen.<\/li>\n<\/ul>\n\n\n\n<p><\/p>\n\n\n\n<ul class=\"wp-block-list\">\n<li class=\"nl\"><strong>De recente noodsituatie&nbsp;<\/strong>heeft aangetoond dat het mogelijk is het statuut samenwonende in de feiten af te schaffen. Bepaalde categorie\u00ebn van personen die door COVID-19 of de recente overstromingen werden getroffen, konden namelijk een tijdelijke opschorting genieten van het statuut samenwonende en hetzelfde uitkeringsbedrag ontvangen als een alleenstaande. Het is dus mogelijk om het zonder dit statuut te doen. Laten we het voor eens en voor altijd afschaffen!<\/li>\n<\/ul>\n<\/div>\n<\/div>","protected":false},"excerpt":{"rendered":"<p>Onze verontschuldigingen, dit bericht is alleen beschikbaar in het Fr. Pourquoi faut-il supprimerle statut de cohabitant\u00b7e\u2009? Waarom moet het statuut samenwonende worden afgeschaft ?<\/p>\n","protected":false},"author":1,"featured_media":0,"parent":0,"menu_order":0,"comment_status":"closed","ping_status":"closed","template":"full-width.php","meta":{"footnotes":""},"class_list":["post-233","page","type-page","status-publish","hentry"],"acf":[],"yoast_head":"<!-- This site is optimized with the Yoast SEO plugin v27.4 - https:\/\/yoast.com\/product\/yoast-seo-wordpress\/ -->\n<title>Argumenten - Cohabitant\u00b7e<\/title>\n<meta name=\"description\" content=\"ArgumentenOntdek alle redenen waarom de statuut samenwonende moet worden afgeschaft\" \/>\n<meta name=\"robots\" content=\"index, follow, max-snippet:-1, max-image-preview:large, max-video-preview:-1\" \/>\n<link rel=\"canonical\" href=\"https:\/\/www.stop-statut-cohabitant.be\/nl\/pourquoi-cette-action\/\" \/>\n<meta property=\"og:locale\" content=\"nl_NL\" \/>\n<meta property=\"og:type\" content=\"article\" \/>\n<meta property=\"og:title\" content=\"Argumenten - Cohabitant\u00b7e\" \/>\n<meta property=\"og:description\" content=\"ArgumentenOntdek alle redenen waarom de statuut samenwonende moet worden afgeschaft\" \/>\n<meta property=\"og:url\" content=\"https:\/\/www.stop-statut-cohabitant.be\/nl\/pourquoi-cette-action\/\" \/>\n<meta property=\"og:site_name\" content=\"Cohabitant\u00b7e\" \/>\n<meta property=\"article:modified_time\" content=\"2023-01-20T13:32:53+00:00\" \/>\n<meta property=\"og:image\" content=\"https:\/\/www.stop-statut-cohabitant.be\/wp-content\/uploads\/2022\/10\/image0-edited.png\" \/>\n\t<meta property=\"og:image:width\" content=\"1316\" \/>\n\t<meta property=\"og:image:height\" content=\"741\" \/>\n\t<meta property=\"og:image:type\" content=\"image\/png\" \/>\n<meta name=\"twitter:card\" content=\"summary_large_image\" \/>\n<meta name=\"twitter:label1\" content=\"Geschatte leestijd\" \/>\n\t<meta name=\"twitter:data1\" content=\"7 minuten\" \/>\n<script type=\"application\/ld+json\" class=\"yoast-schema-graph\">{\"@context\":\"https:\\\/\\\/schema.org\",\"@graph\":[{\"@type\":\"WebPage\",\"@id\":\"https:\\\/\\\/www.stop-statut-cohabitant.be\\\/nl\\\/pourquoi-cette-action\\\/\",\"url\":\"https:\\\/\\\/www.stop-statut-cohabitant.be\\\/nl\\\/pourquoi-cette-action\\\/\",\"name\":\"Argumenten - Cohabitant\u00b7e\",\"isPartOf\":{\"@id\":\"https:\\\/\\\/www.stop-statut-cohabitant.be\\\/nl\\\/#website\"},\"datePublished\":\"2022-10-10T13:06:38+00:00\",\"dateModified\":\"2023-01-20T13:32:53+00:00\",\"description\":\"ArgumentenOntdek alle redenen waarom de statuut samenwonende moet worden afgeschaft\",\"breadcrumb\":{\"@id\":\"https:\\\/\\\/www.stop-statut-cohabitant.be\\\/nl\\\/pourquoi-cette-action\\\/#breadcrumb\"},\"inLanguage\":\"nl-NL\",\"potentialAction\":[{\"@type\":\"ReadAction\",\"target\":[[\"https:\\\/\\\/www.stop-statut-cohabitant.be\\\/nl\\\/pourquoi-cette-action\\\/\"]]}]},{\"@type\":\"BreadcrumbList\",\"@id\":\"https:\\\/\\\/www.stop-statut-cohabitant.be\\\/nl\\\/pourquoi-cette-action\\\/#breadcrumb\",\"itemListElement\":[{\"@type\":\"ListItem\",\"position\":1,\"name\":\"Accueil\",\"item\":\"https:\\\/\\\/www.stop-statut-cohabitant.be\\\/nl\\\/\"},{\"@type\":\"ListItem\",\"position\":2,\"name\":\"Arguments\"}]},{\"@type\":\"WebSite\",\"@id\":\"https:\\\/\\\/www.stop-statut-cohabitant.be\\\/nl\\\/#website\",\"url\":\"https:\\\/\\\/www.stop-statut-cohabitant.be\\\/nl\\\/\",\"name\":\"Stop statut cohabitant\",\"description\":\"Un site utilisant WordPress\",\"publisher\":{\"@id\":\"https:\\\/\\\/www.stop-statut-cohabitant.be\\\/nl\\\/#organization\"},\"potentialAction\":[{\"@type\":\"SearchAction\",\"target\":{\"@type\":\"EntryPoint\",\"urlTemplate\":\"https:\\\/\\\/www.stop-statut-cohabitant.be\\\/nl\\\/?s={search_term_string}\"},\"query-input\":{\"@type\":\"PropertyValueSpecification\",\"valueRequired\":true,\"valueName\":\"search_term_string\"}}],\"inLanguage\":\"nl-NL\"},{\"@type\":\"Organization\",\"@id\":\"https:\\\/\\\/www.stop-statut-cohabitant.be\\\/nl\\\/#organization\",\"name\":\"Stop statut cohabitant\",\"url\":\"https:\\\/\\\/www.stop-statut-cohabitant.be\\\/nl\\\/\",\"logo\":{\"@type\":\"ImageObject\",\"inLanguage\":\"nl-NL\",\"@id\":\"https:\\\/\\\/www.stop-statut-cohabitant.be\\\/nl\\\/#\\\/schema\\\/logo\\\/image\\\/\",\"url\":\"https:\\\/\\\/www.stop-statut-cohabitant.be\\\/wp-content\\\/uploads\\\/2022\\\/10\\\/image0-edited.png\",\"contentUrl\":\"https:\\\/\\\/www.stop-statut-cohabitant.be\\\/wp-content\\\/uploads\\\/2022\\\/10\\\/image0-edited.png\",\"width\":1316,\"height\":741,\"caption\":\"Stop statut cohabitant\"},\"image\":{\"@id\":\"https:\\\/\\\/www.stop-statut-cohabitant.be\\\/nl\\\/#\\\/schema\\\/logo\\\/image\\\/\"}}]}<\/script>\n<!-- \/ Yoast SEO plugin. -->","yoast_head_json":{"title":"Argumenten - Cohabitant\u00b7e","description":"ArgumentenOntdek alle redenen waarom de statuut samenwonende moet worden afgeschaft","robots":{"index":"index","follow":"follow","max-snippet":"max-snippet:-1","max-image-preview":"max-image-preview:large","max-video-preview":"max-video-preview:-1"},"canonical":"https:\/\/www.stop-statut-cohabitant.be\/nl\/pourquoi-cette-action\/","og_locale":"nl_NL","og_type":"article","og_title":"Argumenten - Cohabitant\u00b7e","og_description":"ArgumentenOntdek alle redenen waarom de statuut samenwonende moet worden afgeschaft","og_url":"https:\/\/www.stop-statut-cohabitant.be\/nl\/pourquoi-cette-action\/","og_site_name":"Cohabitant\u00b7e","article_modified_time":"2023-01-20T13:32:53+00:00","og_image":[{"width":1316,"height":741,"url":"https:\/\/www.stop-statut-cohabitant.be\/wp-content\/uploads\/2022\/10\/image0-edited.png","type":"image\/png"}],"twitter_card":"summary_large_image","twitter_misc":{"Geschatte leestijd":"7 minuten"},"schema":{"@context":"https:\/\/schema.org","@graph":[{"@type":"WebPage","@id":"https:\/\/www.stop-statut-cohabitant.be\/nl\/pourquoi-cette-action\/","url":"https:\/\/www.stop-statut-cohabitant.be\/nl\/pourquoi-cette-action\/","name":"Argumenten - Cohabitant\u00b7e","isPartOf":{"@id":"https:\/\/www.stop-statut-cohabitant.be\/nl\/#website"},"datePublished":"2022-10-10T13:06:38+00:00","dateModified":"2023-01-20T13:32:53+00:00","description":"ArgumentenOntdek alle redenen waarom de statuut samenwonende moet worden afgeschaft","breadcrumb":{"@id":"https:\/\/www.stop-statut-cohabitant.be\/nl\/pourquoi-cette-action\/#breadcrumb"},"inLanguage":"nl-NL","potentialAction":[{"@type":"ReadAction","target":[["https:\/\/www.stop-statut-cohabitant.be\/nl\/pourquoi-cette-action\/"]]}]},{"@type":"BreadcrumbList","@id":"https:\/\/www.stop-statut-cohabitant.be\/nl\/pourquoi-cette-action\/#breadcrumb","itemListElement":[{"@type":"ListItem","position":1,"name":"Accueil","item":"https:\/\/www.stop-statut-cohabitant.be\/nl\/"},{"@type":"ListItem","position":2,"name":"Arguments"}]},{"@type":"WebSite","@id":"https:\/\/www.stop-statut-cohabitant.be\/nl\/#website","url":"https:\/\/www.stop-statut-cohabitant.be\/nl\/","name":"Stop statut cohabitant","description":"Un site utilisant WordPress","publisher":{"@id":"https:\/\/www.stop-statut-cohabitant.be\/nl\/#organization"},"potentialAction":[{"@type":"SearchAction","target":{"@type":"EntryPoint","urlTemplate":"https:\/\/www.stop-statut-cohabitant.be\/nl\/?s={search_term_string}"},"query-input":{"@type":"PropertyValueSpecification","valueRequired":true,"valueName":"search_term_string"}}],"inLanguage":"nl-NL"},{"@type":"Organization","@id":"https:\/\/www.stop-statut-cohabitant.be\/nl\/#organization","name":"Stop statut cohabitant","url":"https:\/\/www.stop-statut-cohabitant.be\/nl\/","logo":{"@type":"ImageObject","inLanguage":"nl-NL","@id":"https:\/\/www.stop-statut-cohabitant.be\/nl\/#\/schema\/logo\/image\/","url":"https:\/\/www.stop-statut-cohabitant.be\/wp-content\/uploads\/2022\/10\/image0-edited.png","contentUrl":"https:\/\/www.stop-statut-cohabitant.be\/wp-content\/uploads\/2022\/10\/image0-edited.png","width":1316,"height":741,"caption":"Stop statut cohabitant"},"image":{"@id":"https:\/\/www.stop-statut-cohabitant.be\/nl\/#\/schema\/logo\/image\/"}}]}},"_links":{"self":[{"href":"https:\/\/www.stop-statut-cohabitant.be\/nl\/wp-json\/wp\/v2\/pages\/233","targetHints":{"allow":["GET"]}}],"collection":[{"href":"https:\/\/www.stop-statut-cohabitant.be\/nl\/wp-json\/wp\/v2\/pages"}],"about":[{"href":"https:\/\/www.stop-statut-cohabitant.be\/nl\/wp-json\/wp\/v2\/types\/page"}],"author":[{"embeddable":true,"href":"https:\/\/www.stop-statut-cohabitant.be\/nl\/wp-json\/wp\/v2\/users\/1"}],"replies":[{"embeddable":true,"href":"https:\/\/www.stop-statut-cohabitant.be\/nl\/wp-json\/wp\/v2\/comments?post=233"}],"version-history":[{"count":32,"href":"https:\/\/www.stop-statut-cohabitant.be\/nl\/wp-json\/wp\/v2\/pages\/233\/revisions"}],"predecessor-version":[{"id":3041,"href":"https:\/\/www.stop-statut-cohabitant.be\/nl\/wp-json\/wp\/v2\/pages\/233\/revisions\/3041"}],"wp:attachment":[{"href":"https:\/\/www.stop-statut-cohabitant.be\/nl\/wp-json\/wp\/v2\/media?parent=233"}],"curies":[{"name":"wp","href":"https:\/\/api.w.org\/{rel}","templated":true}]}}